{"id":6823,"date":"2025-10-06T15:11:19","date_gmt":"2025-10-06T13:11:19","guid":{"rendered":"https:\/\/dexsaconnect.de\/boletin-de-noticias\/"},"modified":"2025-10-06T15:17:44","modified_gmt":"2025-10-06T13:17:44","slug":"boletin-de-noticias","status":"publish","type":"page","link":"https:\/\/dexsaconnect.de\/es\/boletin-de-noticias\/","title":{"rendered":"Bolet\u00edn de noticias"},"content":{"rendered":"\n\n\n<h3 class=\"wp-block-heading\">Suscr\u00edbase al bolet\u00edn<\/h3>\n\n\n<div class=\"mailster-block-form-type-content wp-block-mailster-form-outside-wrapper wp-block-mailster-form-outside-wrapper-019a5a61 wp-block-mailster-form-outside-wrapper-6820 wp-block-mailster-form\"><style class=\"mailster-form-style-019a5a61\">div.wp-block-mailster-form-outside-wrapper.wp-block-mailster-form-outside-wrapper-019a5a61.wp-block-mailster-form-outside-wrapper-6820 .mailster-wrapper{margin-bottom:1em}<\/style>\n<form method=\"post\" novalidate class=\"wp-block-mailster-form-wrapper mailster-block-form\"><div class=\"mailster-block-form-inner\">\n<div class=\"wp-block-mailster-messages mailster-block-form-info mailster-wrapper\" aria-hidden=\"true\"><div class=\"mailster-block-form-info-success\" style=\"width:100%;color:#ffffff;background:#6fbf4d\"><div>Bitte best\u00e4tigen Sie Ihre Anmeldung!<\/div><div class=\"mailster-block-form-info-extra\"><\/div><\/div><div class=\"mailster-block-form-info-error\" style=\"width:100%;color:#ffffff;background:#bf4d4d\"><div>Einige Felder fehlen oder sind fehlerhaft!<\/div><div class=\"mailster-block-form-info-extra\"><\/div><\/div><\/div>\n\n\n\n<div class=\"wp-block-mailster-field-firstname mailster-wrapper mailster-wrapper-type-text\" style=\"width:49%\"><label for=\"mailster-id-2c4fa9\" class=\"mailster-label\">Vorname<\/label><input name=\"firstname\" id=\"mailster-id-2c4fa9\" type=\"text\" aria-required=\"false\" aria-label=\"Vorname\" spellcheck=\"false\" value=\"\" class=\"input\" autocomplete=\"given-name\" placeholder=\" \"\/><\/div>\n\n\n\n<div class=\"wp-block-mailster-field-lastname mailster-wrapper mailster-wrapper-type-text\" style=\"width:49%\"><label for=\"mailster-id-64ce15\" class=\"mailster-label\">Nachname<\/label><input name=\"lastname\" id=\"mailster-id-64ce15\" type=\"text\" aria-required=\"false\" aria-label=\"Nachname\" spellcheck=\"false\" value=\"\" class=\"input\" autocomplete=\"family-name\" placeholder=\" \"\/><\/div>\n\n\n\n<div class=\"wp-block-mailster-field-email mailster-wrapper mailster-wrapper-required mailster-wrapper-type-email mailster-wrapper-asterisk\"><label for=\"mailster-id-4a142f\" class=\"mailster-label\">E-Mail<\/label><input name=\"email\" id=\"mailster-id-4a142f\" type=\"email\" aria-required=\"true\" aria-label=\"E-Mail\" spellcheck=\"false\" required value=\"\" class=\"input\" autocomplete=\"email\" placeholder=\" \"\/><\/div>\n\n\n\n<div class=\"wp-block-mailster-field-submit mailster-wrapper mailster-wrapper-type-submit mailster-wrapper-align-center wp-block-button\"><input name=\"submit\" id=\"mailster-id-02e1d6\" type=\"submit\" value=\"Jetzt abonnieren!\" class=\"wp-block-button__link submit-button\"\/><\/div>\n<\/div><script class=\"mailster-block-form-data\" type=\"application\/json\">{\"id\":6820,\"identifier\":\"019a5a61\",\"cooldown\":0,\"isPreview\":false,\"type\":\"submission\",\"prefill\":false}<\/script><input name=\"_timestamp\" type=\"hidden\" value=\"1776416417\" \/>\n<button class=\"mailster-block-form-close\" aria-label=\"close\" tabindex=\"0\"><svg viewbox=\"0 0 100 100\"><path d=\"M100 10.71 89.29 0 50 39.29 10.71 0 0 10.71 39.29 50 0 89.29 10.71 100 50 60.71 89.29 100 100 89.29 60.71 50z\"\/><\/svg><\/button><\/form>\n<\/div>\n\n\n\n\n\n\n\n","protected":false},"excerpt":{"rendered":"","protected":false},"author":1,"featured_media":0,"parent":0,"menu_order":0,"comment_status":"closed","ping_status":"closed","template":"","meta":{"_acf_changed":false,"footnotes":""},"class_list":["post-6823","page","type-page","status-publish","hentry"],"acf":[],"yoast_head":"<!-- This site is optimized with the Yoast SEO Premium plugin v27.3 (Yoast SEO v27.4) - https:\/\/yoast.com\/product\/yoast-seo-premium-wordpress\/ -->\n<title>Bolet\u00edn de noticias - DEXSA Connect<\/title>\n<meta name=\"description\" content=\"Lamitech HPL steht f\u00fcr hochwertige, langlebige Oberfl\u00e4chenl\u00f6sungen f\u00fcr Architektur und Innenausbau. Die HPL-Platten \u00fcberzeugen durch hohe Strapazierf\u00e4higkeit, Pflegeleichtigkeit und modernes Design f\u00fcr anspruchsvolle Projekte in Wohn-, Hospitality- und Objektbereichen.\" \/>\n<meta name=\"robots\" content=\"index, follow, max-snippet:-1, max-image-preview:large, max-video-preview:-1\" \/>\n<link rel=\"canonical\" href=\"https:\/\/dexsaconnect.de\/es\/boletin-de-noticias\/\" \/>\n<meta property=\"og:locale\" content=\"es_ES\" \/>\n<meta property=\"og:type\" content=\"article\" \/>\n<meta property=\"og:title\" content=\"HPL | Hochwertige Oberfl\u00e4chen f\u00fcr Architektur\" \/>\n<meta property=\"og:description\" content=\"Lamitech HPL steht f\u00fcr hochwertige, langlebige Oberfl\u00e4chenl\u00f6sungen f\u00fcr Architektur und Innenausbau. Die HPL-Platten \u00fcberzeugen durch hohe Strapazierf\u00e4higkeit, Pflegeleichtigkeit und modernes Design f\u00fcr anspruchsvolle Projekte in Wohn-, Hospitality- und Objektbereichen.\" \/>\n<meta property=\"og:url\" content=\"https:\/\/dexsaconnect.de\/es\/boletin-de-noticias\/\" \/>\n<meta property=\"og:site_name\" content=\"DEXSA Connect\" \/>\n<meta property=\"article:modified_time\" content=\"2025-10-06T13:17:44+00:00\" \/>\n<meta property=\"og:image\" content=\"https:\/\/dexsaconnect.de\/wp-content\/uploads\/HPL_1200x675px.jpg\" \/>\n\t<meta property=\"og:image:width\" content=\"1200\" \/>\n\t<meta property=\"og:image:height\" content=\"675\" \/>\n\t<meta property=\"og:image:type\" content=\"image\/jpeg\" \/>\n<meta name=\"twitter:card\" content=\"summary_large_image\" \/>\n<script type=\"application\/ld+json\" class=\"yoast-schema-graph\">{\"@context\":\"https:\\\/\\\/schema.org\",\"@graph\":[{\"@type\":\"WebPage\",\"@id\":\"https:\\\/\\\/dexsaconnect.de\\\/es\\\/boletin-de-noticias\\\/\",\"url\":\"https:\\\/\\\/dexsaconnect.de\\\/es\\\/boletin-de-noticias\\\/\",\"name\":\"Bolet\u00edn de noticias - DEXSA Connect\",\"isPartOf\":{\"@id\":\"https:\\\/\\\/dexsaconnect.de\\\/es\\\/#website\"},\"datePublished\":\"2025-10-06T13:11:19+00:00\",\"dateModified\":\"2025-10-06T13:17:44+00:00\",\"description\":\"Lamitech HPL steht f\u00fcr hochwertige, langlebige Oberfl\u00e4chenl\u00f6sungen f\u00fcr Architektur und Innenausbau. Die HPL-Platten \u00fcberzeugen durch hohe Strapazierf\u00e4higkeit, Pflegeleichtigkeit und modernes Design f\u00fcr anspruchsvolle Projekte in Wohn-, Hospitality- und Objektbereichen.\",\"breadcrumb\":{\"@id\":\"https:\\\/\\\/dexsaconnect.de\\\/es\\\/boletin-de-noticias\\\/#breadcrumb\"},\"inLanguage\":\"es\",\"potentialAction\":[{\"@type\":\"ReadAction\",\"target\":[\"https:\\\/\\\/dexsaconnect.de\\\/es\\\/boletin-de-noticias\\\/\"]}]},{\"@type\":\"BreadcrumbList\",\"@id\":\"https:\\\/\\\/dexsaconnect.de\\\/es\\\/boletin-de-noticias\\\/#breadcrumb\",\"itemListElement\":[{\"@type\":\"ListItem\",\"position\":1,\"name\":\"Inicio\",\"item\":\"https:\\\/\\\/dexsaconnect.de\\\/es\\\/inicio\\\/\"},{\"@type\":\"ListItem\",\"position\":2,\"name\":\"Bolet\u00edn de noticias\"}]},{\"@type\":\"WebSite\",\"@id\":\"https:\\\/\\\/dexsaconnect.de\\\/es\\\/#website\",\"url\":\"https:\\\/\\\/dexsaconnect.de\\\/es\\\/\",\"name\":\"DEXSA Connect\",\"description\":\"Ihr europ\u00e4ischer Partner f\u00fcr Lamitech HPL\",\"publisher\":{\"@id\":\"https:\\\/\\\/dexsaconnect.de\\\/es\\\/#organization\"},\"alternateName\":\"DEXSA Connect \u2013 Lamitech HPL Partner\",\"potentialAction\":[{\"@type\":\"SearchAction\",\"target\":{\"@type\":\"EntryPoint\",\"urlTemplate\":\"https:\\\/\\\/dexsaconnect.de\\\/es\\\/?s={search_term_string}\"},\"query-input\":{\"@type\":\"PropertyValueSpecification\",\"valueRequired\":true,\"valueName\":\"search_term_string\"}}],\"inLanguage\":\"es\"},{\"@type\":\"Organization\",\"@id\":\"https:\\\/\\\/dexsaconnect.de\\\/es\\\/#organization\",\"name\":\"DEXSA Connect\",\"alternateName\":\"DEXSA Connect \u2013 Lamitech HPL Partner\",\"url\":\"https:\\\/\\\/dexsaconnect.de\\\/es\\\/\",\"logo\":{\"@type\":\"ImageObject\",\"inLanguage\":\"es\",\"@id\":\"https:\\\/\\\/dexsaconnect.de\\\/es\\\/#\\\/schema\\\/logo\\\/image\\\/\",\"url\":\"https:\\\/\\\/dexsaconnect.de\\\/wp-content\\\/uploads\\\/2023\\\/09\\\/dexsa_logo_schwarz.svg\",\"contentUrl\":\"https:\\\/\\\/dexsaconnect.de\\\/wp-content\\\/uploads\\\/2023\\\/09\\\/dexsa_logo_schwarz.svg\",\"width\":747,\"height\":238,\"caption\":\"DEXSA Connect\"},\"image\":{\"@id\":\"https:\\\/\\\/dexsaconnect.de\\\/es\\\/#\\\/schema\\\/logo\\\/image\\\/\"},\"sameAs\":[\"https:\\\/\\\/www.instagram.com\\\/dexsaconnect\\\/\",\"https:\\\/\\\/www.linkedin.com\\\/company\\\/dexsa-connect\\\/\"],\"description\":\"DEXSA Connect \u2013 LAMITECH HPL \u2013 wie direkt vom Hersteller\u200b Herzlich willkommen bei DEXSA Connect. Wir sind autorisierter LAMITECH-Vertriebspartner und Ihr direkter Kontakt f\u00fcr alle LAMITECH Produkte in EUROPA. Bei uns erhalten Sie die LAMITECH Produkte wie direkt vom Hersteller. Mit DEXSA haben Sie feste Ansprechpartner, \u00fcber 15 Jahre Know-How im Umgang mit HPL Produkten, schnelle und unkomplizierte Abwicklung Ihrer Bestellungen und eine Logistik bis zu Ihnen auf den Hof. Wir stehen Ihnen zu jederzeit bei allen technischen, kaufm\u00e4nnischen und logistischen Themen zur Seite. Gerne besuchen wir Sie vor Ort oder laden Sie zu uns in Haus ein, um Ihnen in unserem Showroom einen Einblick in die Welt der LAMITECH HPL Produkte zu geben.\",\"email\":\"info@dexsa.de\",\"telephone\":\"+49 6022 668 35 31\",\"legalName\":\"DEXSA Connect GmbH\",\"foundingDate\":\"2024-01-01\",\"numberOfEmployees\":{\"@type\":\"QuantitativeValue\",\"minValue\":\"1\",\"maxValue\":\"10\"}}]}<\/script>\n<!-- \/ Yoast SEO Premium plugin. -->","yoast_head_json":{"title":"Bolet\u00edn de noticias - DEXSA Connect","description":"Lamitech HPL steht f\u00fcr hochwertige, langlebige Oberfl\u00e4chenl\u00f6sungen f\u00fcr Architektur und Innenausbau. Die HPL-Platten \u00fcberzeugen durch hohe Strapazierf\u00e4higkeit, Pflegeleichtigkeit und modernes Design f\u00fcr anspruchsvolle Projekte in Wohn-, Hospitality- und Objektbereichen.","robots":{"index":"index","follow":"follow","max-snippet":"max-snippet:-1","max-image-preview":"max-image-preview:large","max-video-preview":"max-video-preview:-1"},"canonical":"https:\/\/dexsaconnect.de\/es\/boletin-de-noticias\/","og_locale":"es_ES","og_type":"article","og_title":"HPL | Hochwertige Oberfl\u00e4chen f\u00fcr Architektur","og_description":"Lamitech HPL steht f\u00fcr hochwertige, langlebige Oberfl\u00e4chenl\u00f6sungen f\u00fcr Architektur und Innenausbau. Die HPL-Platten \u00fcberzeugen durch hohe Strapazierf\u00e4higkeit, Pflegeleichtigkeit und modernes Design f\u00fcr anspruchsvolle Projekte in Wohn-, Hospitality- und Objektbereichen.","og_url":"https:\/\/dexsaconnect.de\/es\/boletin-de-noticias\/","og_site_name":"DEXSA Connect","article_modified_time":"2025-10-06T13:17:44+00:00","og_image":[{"width":1200,"height":675,"url":"https:\/\/dexsaconnect.de\/wp-content\/uploads\/HPL_1200x675px.jpg","type":"image\/jpeg"}],"twitter_card":"summary_large_image","schema":{"@context":"https:\/\/schema.org","@graph":[{"@type":"WebPage","@id":"https:\/\/dexsaconnect.de\/es\/boletin-de-noticias\/","url":"https:\/\/dexsaconnect.de\/es\/boletin-de-noticias\/","name":"Bolet\u00edn de noticias - DEXSA Connect","isPartOf":{"@id":"https:\/\/dexsaconnect.de\/es\/#website"},"datePublished":"2025-10-06T13:11:19+00:00","dateModified":"2025-10-06T13:17:44+00:00","description":"Lamitech HPL steht f\u00fcr hochwertige, langlebige Oberfl\u00e4chenl\u00f6sungen f\u00fcr Architektur und Innenausbau. Die HPL-Platten \u00fcberzeugen durch hohe Strapazierf\u00e4higkeit, Pflegeleichtigkeit und modernes Design f\u00fcr anspruchsvolle Projekte in Wohn-, Hospitality- und Objektbereichen.","breadcrumb":{"@id":"https:\/\/dexsaconnect.de\/es\/boletin-de-noticias\/#breadcrumb"},"inLanguage":"es","potentialAction":[{"@type":"ReadAction","target":["https:\/\/dexsaconnect.de\/es\/boletin-de-noticias\/"]}]},{"@type":"BreadcrumbList","@id":"https:\/\/dexsaconnect.de\/es\/boletin-de-noticias\/#breadcrumb","itemListElement":[{"@type":"ListItem","position":1,"name":"Inicio","item":"https:\/\/dexsaconnect.de\/es\/inicio\/"},{"@type":"ListItem","position":2,"name":"Bolet\u00edn de noticias"}]},{"@type":"WebSite","@id":"https:\/\/dexsaconnect.de\/es\/#website","url":"https:\/\/dexsaconnect.de\/es\/","name":"DEXSA Connect","description":"Ihr europ\u00e4ischer Partner f\u00fcr Lamitech HPL","publisher":{"@id":"https:\/\/dexsaconnect.de\/es\/#organization"},"alternateName":"DEXSA Connect \u2013 Lamitech HPL Partner","potentialAction":[{"@type":"SearchAction","target":{"@type":"EntryPoint","urlTemplate":"https:\/\/dexsaconnect.de\/es\/?s={search_term_string}"},"query-input":{"@type":"PropertyValueSpecification","valueRequired":true,"valueName":"search_term_string"}}],"inLanguage":"es"},{"@type":"Organization","@id":"https:\/\/dexsaconnect.de\/es\/#organization","name":"DEXSA Connect","alternateName":"DEXSA Connect \u2013 Lamitech HPL Partner","url":"https:\/\/dexsaconnect.de\/es\/","logo":{"@type":"ImageObject","inLanguage":"es","@id":"https:\/\/dexsaconnect.de\/es\/#\/schema\/logo\/image\/","url":"https:\/\/dexsaconnect.de\/wp-content\/uploads\/2023\/09\/dexsa_logo_schwarz.svg","contentUrl":"https:\/\/dexsaconnect.de\/wp-content\/uploads\/2023\/09\/dexsa_logo_schwarz.svg","width":747,"height":238,"caption":"DEXSA Connect"},"image":{"@id":"https:\/\/dexsaconnect.de\/es\/#\/schema\/logo\/image\/"},"sameAs":["https:\/\/www.instagram.com\/dexsaconnect\/","https:\/\/www.linkedin.com\/company\/dexsa-connect\/"],"description":"DEXSA Connect \u2013 LAMITECH HPL \u2013 wie direkt vom Hersteller\u200b Herzlich willkommen bei DEXSA Connect. Wir sind autorisierter LAMITECH-Vertriebspartner und Ihr direkter Kontakt f\u00fcr alle LAMITECH Produkte in EUROPA. Bei uns erhalten Sie die LAMITECH Produkte wie direkt vom Hersteller. Mit DEXSA haben Sie feste Ansprechpartner, \u00fcber 15 Jahre Know-How im Umgang mit HPL Produkten, schnelle und unkomplizierte Abwicklung Ihrer Bestellungen und eine Logistik bis zu Ihnen auf den Hof. Wir stehen Ihnen zu jederzeit bei allen technischen, kaufm\u00e4nnischen und logistischen Themen zur Seite. Gerne besuchen wir Sie vor Ort oder laden Sie zu uns in Haus ein, um Ihnen in unserem Showroom einen Einblick in die Welt der LAMITECH HPL Produkte zu geben.","email":"info@dexsa.de","telephone":"+49 6022 668 35 31","legalName":"DEXSA Connect GmbH","foundingDate":"2024-01-01","numberOfEmployees":{"@type":"QuantitativeValue","minValue":"1","maxValue":"10"}}]}},"_links":{"self":[{"href":"https:\/\/dexsaconnect.de\/es\/wp-json\/wp\/v2\/pages\/6823","targetHints":{"allow":["GET"]}}],"collection":[{"href":"https:\/\/dexsaconnect.de\/es\/wp-json\/wp\/v2\/pages"}],"about":[{"href":"https:\/\/dexsaconnect.de\/es\/wp-json\/wp\/v2\/types\/page"}],"author":[{"embeddable":true,"href":"https:\/\/dexsaconnect.de\/es\/wp-json\/wp\/v2\/users\/1"}],"replies":[{"embeddable":true,"href":"https:\/\/dexsaconnect.de\/es\/wp-json\/wp\/v2\/comments?post=6823"}],"version-history":[{"count":0,"href":"https:\/\/dexsaconnect.de\/es\/wp-json\/wp\/v2\/pages\/6823\/revisions"}],"wp:attachment":[{"href":"https:\/\/dexsaconnect.de\/es\/wp-json\/wp\/v2\/media?parent=6823"}],"curies":[{"name":"wp","href":"https:\/\/api.w.org\/{rel}","templated":true}]}}