{"id":2213,"date":"2023-09-21T17:25:45","date_gmt":"2023-09-21T15:25:45","guid":{"rendered":"https:\/\/dexsaconnect.de\/zasady-ochrany-osobnich-udaju\/"},"modified":"2026-03-26T09:56:18","modified_gmt":"2026-03-26T08:56:18","slug":"zasady-ochrany-osobnich-udaju","status":"publish","type":"page","link":"https:\/\/dexsaconnect.de\/cs\/zasady-ochrany-osobnich-udaju\/","title":{"rendered":"Z\u00e1sady ochrany osobn\u00edch \u00fadaj\u016f"},"content":{"rendered":"\t\t<div data-elementor-type=\"wp-page\" data-elementor-id=\"2213\" class=\"elementor elementor-2213 elementor-17\" data-elementor-post-type=\"page\">\n\t\t\t\t<div class=\"elementor-element elementor-element-1dc4b4bf e-flex e-con-boxed e-con e-parent\" data-id=\"1dc4b4bf\" data-element_type=\"container\" data-e-type=\"container\">\n\t\t\t\t\t<div class=\"e-con-inner\">\n\t\t\t\t<div class=\"elementor-element elementor-element-39a99ea3 elementor-widget elementor-widget-shortcode\" data-id=\"39a99ea3\" data-element_type=\"widget\" data-e-type=\"widget\" data-widget_type=\"shortcode.default\">\n\t\t\t\t<div class=\"elementor-widget-container\">\n\t\t\t\t\t\t\t<div class=\"elementor-shortcode\"><h1>Z\u00e1sady ochrany osobn\u00edch \u00fadaj\u016f<\/h1>\n<p><p>In dieser Datenschutzerkl\u00e4rung informieren wir Sie \u00fcber die Verarbeitung Ihrer personenbezogenen Daten.<\/p>\n<p> Sofern Sie Ihre Datenschutzeinstellungen \u00e4ndern m\u00f6chten (Einwilligungen erteilen oder bereits erteilte Einwilligungen widerrufen), klicken Sie <a target=\"_blank\" href=\"#\" class=\"sp-dsgvo-show-privacy-popup\">hier<\/a> um Ihre Einstellungen zu \u00e4ndern.<\/p>\n<h2>Odpov\u011bdn\u00fd<\/h2>\n<p>DEXSA Connect GmbH, An der Wehrinsel 3, 63785 Obernburg, Deutschland, <a href=\"mailto:info@dexsaconnect.de\">info@dexsaconnect.de<\/a>, 0 60 22 \u2013 668 35 31<\/p>\n<h2>Hosting<\/h2>\n<h3>Raidboxes<\/h3>\n<p><p>Wir hosten unsere Website bei unserem Auftragsverarbeiter <a target=\"_blank\" href=\"https:\/\/raidboxes.de\">Raidboxes<\/a>, RAIDBOXES GmbH, Friedrich-Ebert-Stra\u00dfe 7, 48153 M\u00fcnster, Deutschland.<\/p>\n<p>Zum Zweck der Bereitstellung und der Auslieferung der Website werden Verbindungsdaten verarbeitet. Zum blo\u00dfen Zweck der Auslieferung und Bereitstellung der Website werden die Daten \u00fcber den Aufruf hinaus nicht gespeichert.<\/p>\n<p>Die Rechtsgrundlage f\u00fcr die Datenverarbeitung ist das berechtigte Interesse (unbedingte technische Notwendigkeit zur Bereitstellung und Auslieferung des von Ihnen durch Ihren Aufruf ausdr\u00fccklich gew\u00fcnschten Dienstes &#8222;Website&#8220;) gem\u00e4\u00df Art. 6 Abs. 1 lit. f DSGVO.<\/p>\n<p>Zum Betrieb der Website werden die Verbindungsdaten und weitere personenbezogenen Daten zus\u00e4tzlich im Rahmen diverser anderer Funktionen bzw. Dienste verarbeitet. Dar\u00fcber wird im Rahmen dieser Datenschutzerkl\u00e4rung bei den einzelnen Funktionen bzw. Diensten im Detail informiert.<\/p>\n<\/p>\n<h2>Kontaktn\u00ed formul\u00e1\u0159<\/h2>\n<p><p>Auf unserer Website besteht die M\u00f6glichkeit, durch ein Kontaktformular direkt mit uns in Kontakt zu treten. Nach Absenden des Kontaktformulars erfolgt eine Verarbeitung der von Ihnen eingegebenen personenbezogenen Daten durch den Verantwortlichen zum Zweck der Bearbeitung Ihrer Anfrage auf Grundlage der von Ihnen durch das Absenden des Formulars erteilten Einwilligung gem. Art. 6 Abs. 1 lit. a DSGVO bis auf Widerruf.<br \/>Es besteht keine gesetzliche oder vertragliche Verpflichtung zur Bereitstellung der personenbezogenen Daten. Die Nichtbereitstellung hat lediglich zur Folge, dass Sie Ihr Anliegen nicht \u00fcbermitteln und wir dieses nicht bearbeiten k\u00f6nnen.<\/p>\n<\/p>\n<h2>\u017d\u00e1dost<\/h2>\n<p><p>Wir bieten Ihnen auf unserer Website die M\u00f6glichkeit, Ihre Bewerbung online einzureichen. Zum Zweck der Bearbeitung Ihrer Bewerbung verarbeiten wir Ihre im Rahmen des Bewerbungsformulars angef\u00fchrten personenbezogenen Daten auf Grundlage eines vorvertraglichen Verh\u00e4ltnisses gem. Art. 6 Abs. 1 lit. b DSGVO bis auf Widerruf bzw. l\u00e4ngstens jedoch f\u00fcr die Dauer von 6 Monaten nach Abschluss des Bewerbungsverfahrens.<\/p>\n<p>Sollten Sie eine Evidenzhaltung Ihrer \u00fcbermittelten Unterlagen ausdr\u00fccklich w\u00fcnschen, erfolgt die Aufbewahrung Ihrer Unterlagen f\u00fcr die Dauer von maximal 18 Monaten auf der Rechtsgrundlage Ihrer Einwilligung gem. Art. 6 Abs. 1 lit. a DSGVO. <\/p>\n<p>Es besteht keine gesetzliche oder vertragliche Verpflichtung zur Bereitstellung der personenbezogenen Daten. Die Nichtbereitstellung hat lediglich zur Folge, dass wir Ihre Bewerbung nicht bearbeiten k\u00f6nnen. <\/p>\n<p>Eine Weitergabe Ihrer Bewerberdaten an Dritte erfolgt nicht.<\/p>\n<\/p>\n<h2>Bezpe\u010dnostn\u00ed slu\u017eby<\/h2>\n<p><p>Auf dieser Website nutzen wir zur Vermeidung von nicht menschlichen und automatisierten Eingaben das Angebot von Sicherheitsdienstleistern wie Captcha-Diensten.<\/p>\n<\/p>\n<h3>Google reCAPTCHA<\/h3>\n<p><p>Im Fall der Erteilung Ihrer Einwilligung verarbeiten wir mit dem Dienst <a target=\"_blank\" href=\"https:\/\/www.google.com\/recaptcha\/intro\/v3.html\">Google reCaptcha<\/a>, Google Ireland Limited, Gordon House, Barrow Street, Dublin 4, Irland als gemeinsame Verantwortliche Ihre personenbezogenen Daten zum Zweck der Vermeidung nicht menschlicher und automatisierter Eingaben. Dabei erm\u00f6glichen wir dem Dienst das Setzen von Cookies, die Erhebung von Verbindungsdaten und Daten ihres Webbrowsers. Zudem erm\u00f6glichen wir dem Dienst die Berechnung einer User-ID zur eindeutigen Identifizierung des Users im Rahmen des von Google betriebenen Werbenetzwerkes. Daten werden auf Ihrem Ger\u00e4t f\u00fcr die Dauer von bis zu zwei Jahren gespeichert.<\/p>\n<p>Die Rechtsgrundlage f\u00fcr die Datenverarbeitung ist Ihre Einwilligung gem\u00e4\u00df Art. 6 Abs 1 lit. a DSGVO. Die Nichterteilung der Einwilligung hat zur Folge, dass die Nutzung von reCaptcha und damit verbundenen Formularen nicht m\u00f6glich ist.<\/p>\n<p>Eine bereits erteilte Einwilligung k\u00f6nnen Sie widerrufen, indem Sie die <a target=\"_blank\" class=\"lwb-ppsp\" href=\"#\" title=\"Datenschutzeinstellungen\">Datenschutzeinstellungen<\/a> \u00e4ndern.<\/p>\n<p>Der Google Konzern \u00fcbermittelt Ihre personenbezogenen Daten in die USA. Die Rechtsgrundlage f\u00fcr die Daten\u00fcbermittlung in die USA ist Ihre Einwilligung gem\u00e4\u00df Art. 49 Abs 1 lit a iVm Art. 6 Abs 1 lit a DSGVO in Verbindung mit \u00a725 TTDSG. Sie wurden bereits vor Erteilung Ihrer Einwilligung informiert, dass die USA \u00fcber kein den Standards der EU entsprechendes Datenschutzniveau verf\u00fcgt. Insbesondere k\u00f6nnen US Geheimdienste auf Ihre Daten zugreifen, ohne dass Sie dar\u00fcber informiert werden und ohne dass Sie dagegen rechtlich vorgehen k\u00f6nnen. Der Europ\u00e4ische Gerichtshof hat aus diesem Grund in einem Urteil den fr\u00fcheren Angemessenheitsbeschluss (Privacy Shield) f\u00fcr ung\u00fcltig erkl\u00e4rt.<\/p>\n<\/p>\n<h2>Webov\u00e9 fonty<\/h2>\n<h3>Adobe Fonts<\/h3>\n<p><p>Wir verarbeiten mit unserem Auftragsverarbeiter <a target=\"_blank\" href=\"\/\/fonts.adobe.com\/\">Adobe Fonts<\/a>, Adobe Systems Software Ireland Limited, Citywest Business Campus, Dublin 24, Irland, Verbindungsdaten und Browserdaten zum Zweck der Bereitstellung der vom Webbrowser zur Anzeige der Website ben\u00f6tigten Schriftarten. Diese Daten werden nur f\u00fcr die zur Auswahl und \u00dcbermittlung der Schriftarten ben\u00f6tigte Dauer verarbeitet.<\/p>\n<p>Die Rechtsgrundlage f\u00fcr die Datenverarbeitung ist das berechtigte Interesse (unbedingte technische Notwendigkeit zur Bereitstellung und Auslieferung des von Ihnen durch Ihren Aufruf ausdr\u00fccklich gew\u00fcnschten Dienstes &#8222;Website&#8220;) gem\u00e4\u00df Art. 6 Abs. 1 lit. f DSGVO.<\/p>\n<p>Soweit durch Adobe Fonts eine weitergehende eigenst\u00e4ndige Verarbeitung der Daten erfolgt, ist Adobe Fonts daf\u00fcr alleinige Verantwortliche. Details finden Sie in der <a target=\"_blank\" href=\"https:\/\/www.adobe.com\/de\/privacy.html\">Datenschutzerkl\u00e4rung<\/a> von Adobe Fonts.<\/p>\n<\/p>\n<h3>Font Awesome<\/h3>\n<p><p>Wir verarbeiten mit unserem Auftragsverarbeiter <a target=\"_blank\" href=\"https:\/\/fontawesome.com\/\">Fontawesome<\/a>, Fonticons, Inc., 6 Porter Road, Apartment 3R, Cambridge, MA 02140, USA, Verbindungsdaten und Browserdaten zum Zweck der Bereitstellung der vom Webbrowser zur Anzeige der Website ben\u00f6tigten Schriftarten. Diese Daten werden nur f\u00fcr die zur Auswahl und \u00dcbermittlung der Schriftarten ben\u00f6tigte Dauer verarbeitet.<\/p>\n<p>Die Rechtsgrundlage f\u00fcr die Datenverarbeitung ist das berechtigte Interesse (unbedingte technische Notwendigkeit zur Bereitstellung und Auslieferung des von Ihnen durch Ihren Aufruf ausdr\u00fccklich gew\u00fcnschten Dienstes &#8222;Website&#8220;) gem\u00e4\u00df Art. 6 Abs. 1 lit. f DSGVO.<\/p>\n<p>Soweit durch Fontawesome eine weitergehende eigenst\u00e4ndige Verarbeitung der Daten erfolgt, ist Fontawesome daf\u00fcr alleinige Verantwortliche. Details finden Sie in der <a target=\"_blank\" href=\"https:\/\/fontawesome.com\/privacy\">Datenschutzerkl\u00e4rung<\/a> von Fontawesome.<\/p>\n<\/p>\n<h2>Pr\u00e1vo vzn\u00e9st n\u00e1mitku<\/h2>\n<p><p>Sofern die Verarbeitung Ihrer personenbezogenen Daten auf Grundlage des berechtigten Interesses erfolgt, haben Sie das Recht gegen diese Verarbeitung zu widersprechen.<\/p>\n<p>Sofern keine zwingenden schutzw\u00fcrdigen Gr\u00fcnde f\u00fcr die Verarbeitung unsererseits vorliegen, wird die Verarbeitung Ihrer Daten auf Basis dieser Rechtsgrundlage eingestellt.<\/p>\n<p>Zudem haben Sie das Recht, der Verarbeitung Ihrer personenbezogenen Daten zum Zweck der Direktwerbung zu widersprechen. Im Fall des Widerspruchs werden Ihre personenbezogenen Daten nicht mehr zum Zweck der Direktwerbung verarbeitet.<\/p>\n<p>Die Rechtm\u00e4\u00dfigkeit der bis zum Widerspruch verarbeiteten Daten wird durch den Widerspruch nicht ber\u00fchrt.<\/p>\n<\/p>\n<h2>Odstoupen\u00ed<\/h2>\n<p><p>Sie haben das Recht eine bereits erteilte Einwilligung jederzeit zu widerrufen, indem Sie die <a target=\"_blank\" class=\"lwb-ppsp\" href=\"#\" title=\"Datenschutzeinstellungen\">Datenschutzeinstellungen<\/a> \u00e4ndern.<\/p>\n<p>Im Fall der Einwilligung in den Erhalt elektronischer Werbung kann der Widerruf Ihrer Einwilligung durch Klick auf den Abmeldelink erfolgen. In diesem Fall wird eine Verarbeitung, sofern keine andere Rechtsgrundlage besteht, eingestellt.<\/p>\n<p>Die Rechtm\u00e4\u00dfigkeit der bis zum Widerruf verarbeiteten Daten wird durch den Widerruf nicht ber\u00fchrt.<\/p>\n<\/p>\n<h2>Pr\u00e1vo subjektu \u00fadaj\u016f<\/h2>\n<p><p>Sie haben zudem das Recht auf Auskunft, Berichtigung, L\u00f6schung und Einschr\u00e4nkung der Verarbeitung der personenbezogenen Daten.<\/p>\n<p>Soweit die Rechtsgrundlage der Verarbeitung Ihrer personenbezogenen Daten in Ihrer Einwilligung oder in einem mit Ihnen abgeschlossenen Vertrag besteht, haben Sie \u00fcberdies das Recht auf Daten\u00fcbertragbarkeit. <\/p>\n<p>Weiters haben Sie das Recht auf Beschwerde bei der Aufsichtsbeh\u00f6rde. N\u00e4here Informationen zu den Aufsichtsbeh\u00f6rden in der Europ\u00e4ischen Union finden Sie <a target=\"_blank\" href=\"https:\/\/ec.europa.eu\/justice\/article-29\/structure\/data-protection-authorities\/index_en.htm\" title=\"Datenschutzbeh\u00f6rden\">hier<\/a>.<\/p><\/p>\n<\/div>\n\t\t\t\t\t\t<\/div>\n\t\t\t\t<\/div>\n\t\t\t\t<div class=\"elementor-element elementor-element-2df48b6 elementor-widget elementor-widget-text-editor\" data-id=\"2df48b6\" data-element_type=\"widget\" data-e-type=\"widget\" data-widget_type=\"text-editor.default\">\n\t\t\t\t<div class=\"elementor-widget-container\">\n\t\t\t\t\t\t\t\t\tDesign &amp; realizace\n\n<a href=\"http:\/\/dexsa.de\">dexsa.de<\/a>, <a href=\"https:\/\/dexsaconnect.de\/cs\/\">dexsaconnect.de<\/a>, <a href=\"http:\/\/dexsamarketing.de\">dexsamarketing.de<\/a>, <a href=\"http:\/\/dexsaevent.de\">dexsaevent.de<\/a>\t\t\t\t\t\t\t\t<\/div>\n\t\t\t\t<\/div>\n\t\t\t\t\t<\/div>\n\t\t\t\t<\/div>\n\t\t\t\t<\/div>\n\t\t","protected":false},"excerpt":{"rendered":"<p>Design &amp; realizace dexsa.de, dexsaconnect.de, dexsamarketing.de, dexsaevent.de<\/p>\n","protected":false},"author":1,"featured_media":0,"parent":0,"menu_order":0,"comment_status":"closed","ping_status":"closed","template":"","meta":{"_acf_changed":false,"footnotes":""},"class_list":["post-2213","page","type-page","status-publish","hentry"],"acf":[],"yoast_head":"<!-- This site is optimized with the Yoast SEO Premium plugin v27.3 (Yoast SEO v27.3) - https:\/\/yoast.com\/product\/yoast-seo-premium-wordpress\/ -->\n<title>Z\u00e1sady ochrany osobn\u00edch \u00fadaj\u016f - DEXSA Connect<\/title>\n<meta name=\"description\" content=\"Lamitech HPL steht f\u00fcr hochwertige, langlebige Oberfl\u00e4chenl\u00f6sungen f\u00fcr Architektur und Innenausbau. Die HPL-Platten \u00fcberzeugen durch hohe Strapazierf\u00e4higkeit, Pflegeleichtigkeit und modernes Design f\u00fcr anspruchsvolle Projekte in Wohn-, Hospitality- und Objektbereichen.\" \/>\n<meta name=\"robots\" content=\"index, follow, max-snippet:-1, max-image-preview:large, max-video-preview:-1\" \/>\n<link rel=\"canonical\" href=\"https:\/\/dexsaconnect.de\/cs\/zasady-ochrany-osobnich-udaju\/\" \/>\n<meta property=\"og:locale\" content=\"cs_CZ\" \/>\n<meta property=\"og:type\" content=\"article\" \/>\n<meta property=\"og:title\" content=\"HPL | Hochwertige Oberfl\u00e4chen f\u00fcr Architektur\" \/>\n<meta property=\"og:description\" content=\"Lamitech HPL steht f\u00fcr hochwertige, langlebige Oberfl\u00e4chenl\u00f6sungen f\u00fcr Architektur und Innenausbau. Die HPL-Platten \u00fcberzeugen durch hohe Strapazierf\u00e4higkeit, Pflegeleichtigkeit und modernes Design f\u00fcr anspruchsvolle Projekte in Wohn-, Hospitality- und Objektbereichen.\" \/>\n<meta property=\"og:url\" content=\"https:\/\/dexsaconnect.de\/cs\/zasady-ochrany-osobnich-udaju\/\" \/>\n<meta property=\"og:site_name\" content=\"DEXSA Connect\" \/>\n<meta property=\"article:modified_time\" content=\"2026-03-26T08:56:18+00:00\" \/>\n<meta property=\"og:image\" content=\"https:\/\/dexsaconnect.de\/wp-content\/uploads\/HPL_1200x675px.jpg\" \/>\n\t<meta property=\"og:image:width\" content=\"1200\" \/>\n\t<meta property=\"og:image:height\" content=\"675\" \/>\n\t<meta property=\"og:image:type\" content=\"image\/jpeg\" \/>\n<meta name=\"twitter:card\" content=\"summary_large_image\" \/>\n<script type=\"application\/ld+json\" class=\"yoast-schema-graph\">{\"@context\":\"https:\\\/\\\/schema.org\",\"@graph\":[{\"@type\":\"WebPage\",\"@id\":\"https:\\\/\\\/dexsaconnect.de\\\/cs\\\/zasady-ochrany-osobnich-udaju\\\/\",\"url\":\"https:\\\/\\\/dexsaconnect.de\\\/cs\\\/zasady-ochrany-osobnich-udaju\\\/\",\"name\":\"Z\u00e1sady ochrany osobn\u00edch \u00fadaj\u016f - DEXSA Connect\",\"isPartOf\":{\"@id\":\"https:\\\/\\\/dexsaconnect.de\\\/cs\\\/#website\"},\"datePublished\":\"2023-09-21T15:25:45+00:00\",\"dateModified\":\"2026-03-26T08:56:18+00:00\",\"description\":\"Lamitech HPL steht f\u00fcr hochwertige, langlebige Oberfl\u00e4chenl\u00f6sungen f\u00fcr Architektur und Innenausbau. Die HPL-Platten \u00fcberzeugen durch hohe Strapazierf\u00e4higkeit, Pflegeleichtigkeit und modernes Design f\u00fcr anspruchsvolle Projekte in Wohn-, Hospitality- und Objektbereichen.\",\"breadcrumb\":{\"@id\":\"https:\\\/\\\/dexsaconnect.de\\\/cs\\\/zasady-ochrany-osobnich-udaju\\\/#breadcrumb\"},\"inLanguage\":\"cs\",\"potentialAction\":[{\"@type\":\"ReadAction\",\"target\":[\"https:\\\/\\\/dexsaconnect.de\\\/cs\\\/zasady-ochrany-osobnich-udaju\\\/\"]}]},{\"@type\":\"BreadcrumbList\",\"@id\":\"https:\\\/\\\/dexsaconnect.de\\\/cs\\\/zasady-ochrany-osobnich-udaju\\\/#breadcrumb\",\"itemListElement\":[{\"@type\":\"ListItem\",\"position\":1,\"name\":\"Dom\u016f\",\"item\":\"https:\\\/\\\/dexsaconnect.de\\\/cs\\\/domu\\\/\"},{\"@type\":\"ListItem\",\"position\":2,\"name\":\"Z\u00e1sady ochrany osobn\u00edch \u00fadaj\u016f\"}]},{\"@type\":\"WebSite\",\"@id\":\"https:\\\/\\\/dexsaconnect.de\\\/cs\\\/#website\",\"url\":\"https:\\\/\\\/dexsaconnect.de\\\/cs\\\/\",\"name\":\"DEXSA Connect\",\"description\":\"Ihr europ\u00e4ischer Partner f\u00fcr Lamitech HPL\",\"publisher\":{\"@id\":\"https:\\\/\\\/dexsaconnect.de\\\/cs\\\/#organization\"},\"alternateName\":\"DEXSA Connect \u2013 Lamitech HPL Partner\",\"potentialAction\":[{\"@type\":\"SearchAction\",\"target\":{\"@type\":\"EntryPoint\",\"urlTemplate\":\"https:\\\/\\\/dexsaconnect.de\\\/cs\\\/?s={search_term_string}\"},\"query-input\":{\"@type\":\"PropertyValueSpecification\",\"valueRequired\":true,\"valueName\":\"search_term_string\"}}],\"inLanguage\":\"cs\"},{\"@type\":\"Organization\",\"@id\":\"https:\\\/\\\/dexsaconnect.de\\\/cs\\\/#organization\",\"name\":\"DEXSA Connect\",\"alternateName\":\"DEXSA Connect \u2013 Lamitech HPL Partner\",\"url\":\"https:\\\/\\\/dexsaconnect.de\\\/cs\\\/\",\"logo\":{\"@type\":\"ImageObject\",\"inLanguage\":\"cs\",\"@id\":\"https:\\\/\\\/dexsaconnect.de\\\/cs\\\/#\\\/schema\\\/logo\\\/image\\\/\",\"url\":\"https:\\\/\\\/dexsaconnect.de\\\/wp-content\\\/uploads\\\/2023\\\/09\\\/dexsa_logo_schwarz.svg\",\"contentUrl\":\"https:\\\/\\\/dexsaconnect.de\\\/wp-content\\\/uploads\\\/2023\\\/09\\\/dexsa_logo_schwarz.svg\",\"width\":747,\"height\":238,\"caption\":\"DEXSA Connect\"},\"image\":{\"@id\":\"https:\\\/\\\/dexsaconnect.de\\\/cs\\\/#\\\/schema\\\/logo\\\/image\\\/\"},\"sameAs\":[\"https:\\\/\\\/www.instagram.com\\\/dexsaconnect\\\/\",\"https:\\\/\\\/www.linkedin.com\\\/company\\\/dexsa-connect\\\/\"],\"description\":\"DEXSA Connect \u2013 LAMITECH HPL \u2013 wie direkt vom Hersteller\u200b Herzlich willkommen bei DEXSA Connect. Wir sind autorisierter LAMITECH-Vertriebspartner und Ihr direkter Kontakt f\u00fcr alle LAMITECH Produkte in EUROPA. Bei uns erhalten Sie die LAMITECH Produkte wie direkt vom Hersteller. Mit DEXSA haben Sie feste Ansprechpartner, \u00fcber 15 Jahre Know-How im Umgang mit HPL Produkten, schnelle und unkomplizierte Abwicklung Ihrer Bestellungen und eine Logistik bis zu Ihnen auf den Hof. Wir stehen Ihnen zu jederzeit bei allen technischen, kaufm\u00e4nnischen und logistischen Themen zur Seite. Gerne besuchen wir Sie vor Ort oder laden Sie zu uns in Haus ein, um Ihnen in unserem Showroom einen Einblick in die Welt der LAMITECH HPL Produkte zu geben.\",\"email\":\"info@dexsa.de\",\"telephone\":\"+49 6022 668 35 31\",\"legalName\":\"DEXSA Connect GmbH\",\"foundingDate\":\"2024-01-01\",\"numberOfEmployees\":{\"@type\":\"QuantitativeValue\",\"minValue\":\"1\",\"maxValue\":\"10\"}}]}<\/script>\n<!-- \/ Yoast SEO Premium plugin. -->","yoast_head_json":{"title":"Z\u00e1sady ochrany osobn\u00edch \u00fadaj\u016f - DEXSA Connect","description":"Lamitech HPL steht f\u00fcr hochwertige, langlebige Oberfl\u00e4chenl\u00f6sungen f\u00fcr Architektur und Innenausbau. Die HPL-Platten \u00fcberzeugen durch hohe Strapazierf\u00e4higkeit, Pflegeleichtigkeit und modernes Design f\u00fcr anspruchsvolle Projekte in Wohn-, Hospitality- und Objektbereichen.","robots":{"index":"index","follow":"follow","max-snippet":"max-snippet:-1","max-image-preview":"max-image-preview:large","max-video-preview":"max-video-preview:-1"},"canonical":"https:\/\/dexsaconnect.de\/cs\/zasady-ochrany-osobnich-udaju\/","og_locale":"cs_CZ","og_type":"article","og_title":"HPL | Hochwertige Oberfl\u00e4chen f\u00fcr Architektur","og_description":"Lamitech HPL steht f\u00fcr hochwertige, langlebige Oberfl\u00e4chenl\u00f6sungen f\u00fcr Architektur und Innenausbau. Die HPL-Platten \u00fcberzeugen durch hohe Strapazierf\u00e4higkeit, Pflegeleichtigkeit und modernes Design f\u00fcr anspruchsvolle Projekte in Wohn-, Hospitality- und Objektbereichen.","og_url":"https:\/\/dexsaconnect.de\/cs\/zasady-ochrany-osobnich-udaju\/","og_site_name":"DEXSA Connect","article_modified_time":"2026-03-26T08:56:18+00:00","og_image":[{"width":1200,"height":675,"url":"https:\/\/dexsaconnect.de\/wp-content\/uploads\/HPL_1200x675px.jpg","type":"image\/jpeg"}],"twitter_card":"summary_large_image","schema":{"@context":"https:\/\/schema.org","@graph":[{"@type":"WebPage","@id":"https:\/\/dexsaconnect.de\/cs\/zasady-ochrany-osobnich-udaju\/","url":"https:\/\/dexsaconnect.de\/cs\/zasady-ochrany-osobnich-udaju\/","name":"Z\u00e1sady ochrany osobn\u00edch \u00fadaj\u016f - DEXSA Connect","isPartOf":{"@id":"https:\/\/dexsaconnect.de\/cs\/#website"},"datePublished":"2023-09-21T15:25:45+00:00","dateModified":"2026-03-26T08:56:18+00:00","description":"Lamitech HPL steht f\u00fcr hochwertige, langlebige Oberfl\u00e4chenl\u00f6sungen f\u00fcr Architektur und Innenausbau. Die HPL-Platten \u00fcberzeugen durch hohe Strapazierf\u00e4higkeit, Pflegeleichtigkeit und modernes Design f\u00fcr anspruchsvolle Projekte in Wohn-, Hospitality- und Objektbereichen.","breadcrumb":{"@id":"https:\/\/dexsaconnect.de\/cs\/zasady-ochrany-osobnich-udaju\/#breadcrumb"},"inLanguage":"cs","potentialAction":[{"@type":"ReadAction","target":["https:\/\/dexsaconnect.de\/cs\/zasady-ochrany-osobnich-udaju\/"]}]},{"@type":"BreadcrumbList","@id":"https:\/\/dexsaconnect.de\/cs\/zasady-ochrany-osobnich-udaju\/#breadcrumb","itemListElement":[{"@type":"ListItem","position":1,"name":"Dom\u016f","item":"https:\/\/dexsaconnect.de\/cs\/domu\/"},{"@type":"ListItem","position":2,"name":"Z\u00e1sady ochrany osobn\u00edch \u00fadaj\u016f"}]},{"@type":"WebSite","@id":"https:\/\/dexsaconnect.de\/cs\/#website","url":"https:\/\/dexsaconnect.de\/cs\/","name":"DEXSA Connect","description":"Ihr europ\u00e4ischer Partner f\u00fcr Lamitech HPL","publisher":{"@id":"https:\/\/dexsaconnect.de\/cs\/#organization"},"alternateName":"DEXSA Connect \u2013 Lamitech HPL Partner","potentialAction":[{"@type":"SearchAction","target":{"@type":"EntryPoint","urlTemplate":"https:\/\/dexsaconnect.de\/cs\/?s={search_term_string}"},"query-input":{"@type":"PropertyValueSpecification","valueRequired":true,"valueName":"search_term_string"}}],"inLanguage":"cs"},{"@type":"Organization","@id":"https:\/\/dexsaconnect.de\/cs\/#organization","name":"DEXSA Connect","alternateName":"DEXSA Connect \u2013 Lamitech HPL Partner","url":"https:\/\/dexsaconnect.de\/cs\/","logo":{"@type":"ImageObject","inLanguage":"cs","@id":"https:\/\/dexsaconnect.de\/cs\/#\/schema\/logo\/image\/","url":"https:\/\/dexsaconnect.de\/wp-content\/uploads\/2023\/09\/dexsa_logo_schwarz.svg","contentUrl":"https:\/\/dexsaconnect.de\/wp-content\/uploads\/2023\/09\/dexsa_logo_schwarz.svg","width":747,"height":238,"caption":"DEXSA Connect"},"image":{"@id":"https:\/\/dexsaconnect.de\/cs\/#\/schema\/logo\/image\/"},"sameAs":["https:\/\/www.instagram.com\/dexsaconnect\/","https:\/\/www.linkedin.com\/company\/dexsa-connect\/"],"description":"DEXSA Connect \u2013 LAMITECH HPL \u2013 wie direkt vom Hersteller\u200b Herzlich willkommen bei DEXSA Connect. Wir sind autorisierter LAMITECH-Vertriebspartner und Ihr direkter Kontakt f\u00fcr alle LAMITECH Produkte in EUROPA. Bei uns erhalten Sie die LAMITECH Produkte wie direkt vom Hersteller. Mit DEXSA haben Sie feste Ansprechpartner, \u00fcber 15 Jahre Know-How im Umgang mit HPL Produkten, schnelle und unkomplizierte Abwicklung Ihrer Bestellungen und eine Logistik bis zu Ihnen auf den Hof. Wir stehen Ihnen zu jederzeit bei allen technischen, kaufm\u00e4nnischen und logistischen Themen zur Seite. Gerne besuchen wir Sie vor Ort oder laden Sie zu uns in Haus ein, um Ihnen in unserem Showroom einen Einblick in die Welt der LAMITECH HPL Produkte zu geben.","email":"info@dexsa.de","telephone":"+49 6022 668 35 31","legalName":"DEXSA Connect GmbH","foundingDate":"2024-01-01","numberOfEmployees":{"@type":"QuantitativeValue","minValue":"1","maxValue":"10"}}]}},"_links":{"self":[{"href":"https:\/\/dexsaconnect.de\/cs\/wp-json\/wp\/v2\/pages\/2213","targetHints":{"allow":["GET"]}}],"collection":[{"href":"https:\/\/dexsaconnect.de\/cs\/wp-json\/wp\/v2\/pages"}],"about":[{"href":"https:\/\/dexsaconnect.de\/cs\/wp-json\/wp\/v2\/types\/page"}],"author":[{"embeddable":true,"href":"https:\/\/dexsaconnect.de\/cs\/wp-json\/wp\/v2\/users\/1"}],"replies":[{"embeddable":true,"href":"https:\/\/dexsaconnect.de\/cs\/wp-json\/wp\/v2\/comments?post=2213"}],"version-history":[{"count":2,"href":"https:\/\/dexsaconnect.de\/cs\/wp-json\/wp\/v2\/pages\/2213\/revisions"}],"predecessor-version":[{"id":13822,"href":"https:\/\/dexsaconnect.de\/cs\/wp-json\/wp\/v2\/pages\/2213\/revisions\/13822"}],"wp:attachment":[{"href":"https:\/\/dexsaconnect.de\/cs\/wp-json\/wp\/v2\/media?parent=2213"}],"curies":[{"name":"wp","href":"https:\/\/api.w.org\/{rel}","templated":true}]}}